{"id":626,"date":"2023-10-29T23:21:55","date_gmt":"2023-10-29T23:21:55","guid":{"rendered":"https:\/\/antiziganism.org\/?page_id=626"},"modified":"2023-10-30T15:35:40","modified_gmt":"2023-10-30T15:35:40","slug":"soziale-arbeit","status":"publish","type":"page","link":"https:\/\/antiziganism.org\/?page_id=626","title":{"rendered":"Handlungsempfehlungen: Soziale Arbeit"},"content":{"rendered":"\n<p>Aus dem Bericht der<strong> Unabh\u00e4ngigen Kommission Antiziganismus<\/strong> mit dem Titel &#8220; Perspektivwechsel. Nachholende Gerechtigkeit. Partizipation.&#8220; Beauftragt durch das Bundesministerium des Inneren, f\u00fcr Bau und Heimat. <\/p>\n\n\n\n<p class=\"has-text-align-center\"><strong>Die Unabh\u00e4ngige Kommission Antiziganismus empfiehlt \u2026 <\/strong><\/p>\n\n\n\n<p>\u2022 die Anerkennung und Aufarbeitung des Unrechts, das Roma und Sinti durch Fachkr\u00e4fte und Organisationen der Sozialen Arbeit angetan wurde (\u2192 zentrale Forderungen: Wahrheitskommission). Insbesondere die Berufsverb\u00e4nde der Sozialen Arbeit sind aufgefordert, die Geschichte der \u201eZigeunerf\u00fcrsorge\u201c sowie ihrer Fortsetzungen unter anderem Namen bis in die Gegenwart umfassend und kritisch aufzuarbeiten und damit <\/p>\n\n\n\n<p>einhergehend einen grundlegenden Perspektivwechsel in der Sozialen Arbeit hin zu partizipativen und rassismuskritischen Organisationsund Handlungsstrukturen einzuleiten.<\/p>\n\n\n\n<p>\u2022 die Einrichtung bzw. den Ausbau einer Regelfinanzierung\/strukturellen Grundf\u00f6rderung der von den Selbstorganisationen der Roma und Sinti geleisteten Sozialen Arbeit auf L\u00e4nder- und kommunaler Ebene.<\/p>\n\n\n\n<p>\u2022 eine nachhaltige und dauerhafte F\u00f6rderung communitybasierter Empowermentprojekte auf Bundes-, Landes- und kommunaler Ebene, zum Beispiel im Rahmen eines Demokratief\u00f6rdergesetzes.<\/p>\n\n\n\n<p>\u2022 die Einrichtung regelm\u00e4\u00dfiger, unabh\u00e4ngiger sowie partizipativer Evaluationen von Sozialhilfeprojekten f\u00fcr \u201ebesonders benachteiligte Gruppen\u201c (zum Beispiel EHAP-Projekten).<\/p>\n\n\n\n<p>\u2022 die Einrichtung von Zug\u00e4ngen zum Studium der Sozialen Arbeit f\u00fcr Roma und Sinti ohne formale Hochschulzugangsberechtigung.<\/p>\n\n\n\n<p>\u2022 das Thema Antiziganismus\/Rassismus gegen Roma und Sinti, insbesondere die Geschichte und Gegenwart der spezifischen Form des sozialarbeiterischen Antiziganismus, ins Kerncurriculum der Studieng\u00e4nge der Sozialen Arbeit aufzunehmen.<\/p>\n\n\n\n<p><\/p>\n\n\n\n<p>Wir haben Genderungen durch die Volksbezeichnung \u201eRoma und Sinti\u201c ersetzt. Zur Begr\u00fcndung:<\/p>\n\n\n\n<ul>\n<li>Es wird auch nicht im Ursprungsbericht \u00fcberall gendergerecht formuliert.<\/li>\n\n\n\n<li>Der Bericht weist auf die kontroverse Diskussion zur Genderung hin.<\/li>\n\n\n\n<li>Wir m\u00f6chten als Volk wahrgenommen werden. Als Individuen kann uns jeder gerne in unserer Vielfalt kennenlernen.<\/li>\n\n\n\n<li>Wenn es wirklich konsequent um Genderung geht, m\u00fcsste man auch \u201eFranzosen und Franz\u00f6sinnen\u201c als \u201eFemme et Homme\u201c formulieren. Bitte verstehen Sie diese Absurdit\u00e4t.<\/li>\n\n\n\n<li>Wir bevorzugen generell die Verwendung einer geschlechtsneutralen Form in der Sprache des Romanes.<\/li>\n<\/ul>\n","protected":false},"excerpt":{"rendered":"<p>Aus dem Bericht der Unabh\u00e4ngigen Kommission Antiziganismus mit dem Titel &#8220; Perspektivwechsel. Nachholende Gerechtigkeit. Partizipation.&#8220; Beauftragt durch das Bundesministerium des Inneren, f\u00fcr Bau und Heimat. Die Unabh\u00e4ngige Kommission Antiziganismus empfiehlt \u2026 \u2022 die Anerkennung und Aufarbeitung des Unrechts, das Roma und Sinti durch Fachkr\u00e4fte und Organisationen der Sozialen Arbeit angetan wurde (\u2192 zentrale Forderungen: Wahrheitskommission). [&hellip;]<\/p>\n","protected":false},"author":1,"featured_media":0,"parent":0,"menu_order":0,"comment_status":"closed","ping_status":"closed","template":"","meta":{"footnotes":""},"aioseo_notices":[],"_links":{"self":[{"href":"https:\/\/antiziganism.org\/index.php?rest_route=\/wp\/v2\/pages\/626"}],"collection":[{"href":"https:\/\/antiziganism.org\/index.php?rest_route=\/wp\/v2\/pages"}],"about":[{"href":"https:\/\/antiziganism.org\/index.php?rest_route=\/wp\/v2\/types\/page"}],"author":[{"embeddable":true,"href":"https:\/\/antiziganism.org\/index.php?rest_route=\/wp\/v2\/users\/1"}],"replies":[{"embeddable":true,"href":"https:\/\/antiziganism.org\/index.php?rest_route=%2Fwp%2Fv2%2Fcomments&post=626"}],"version-history":[{"count":2,"href":"https:\/\/antiziganism.org\/index.php?rest_route=\/wp\/v2\/pages\/626\/revisions"}],"predecessor-version":[{"id":742,"href":"https:\/\/antiziganism.org\/index.php?rest_route=\/wp\/v2\/pages\/626\/revisions\/742"}],"wp:attachment":[{"href":"https:\/\/antiziganism.org\/index.php?rest_route=%2Fwp%2Fv2%2Fmedia&parent=626"}],"curies":[{"name":"wp","href":"https:\/\/api.w.org\/{rel}","templated":true}]}}