{"id":631,"date":"2023-10-29T23:21:55","date_gmt":"2023-10-29T23:21:55","guid":{"rendered":"https:\/\/antiziganism.org\/?page_id=631"},"modified":"2023-10-30T15:36:12","modified_gmt":"2023-10-30T15:36:12","slug":"eu-rahmenstrategie","status":"publish","type":"page","link":"https:\/\/antiziganism.org\/?page_id=631","title":{"rendered":"Handlungsempfehlungen: EU-Rahmenstrategie"},"content":{"rendered":"\n<p>Aus dem Bericht der<strong> Unabh\u00e4ngigen Kommission Antiziganismus<\/strong> mit dem Titel &#8220; Perspektivwechsel. Nachholende Gerechtigkeit. Partizipation.&#8220; Beauftragt durch das Bundesministerium des Inneren, f\u00fcr Bau und Heimat.<\/p>\n\n\n\n<p>Die Unabh\u00e4ngige Kommission Antiziganismus empfiehlt \u2026<\/p>\n\n\n\n<p>\u2022 der Bundesregierung die Vorlage einer nationalen Strategie in Form eines bundesweiten Rahmenplans zur Bek\u00e4mpfung von Antiziganismus und die gleichberechtigte Teilhabe aller Roma und Sinti bis September 2021, unabh\u00e4ngig von ihrem aufenthaltsrechtlichen Status, unter Ber\u00fccksichtigung der Richtlinien der Europ\u00e4ischen Kommission und auf Grundlage eines Konsultationsprozesses mit zivilgesellschaftlichen Organisationen der Roma und Sinti sowie weiteren Akteur_innen auf Landes- und Bundesebene.<\/p>\n\n\n\n<p>\u2022 der Bundesregierung die Formulierung qualitativer und quantitativer Ziele in den Kernbereichen Bildung, Gesundheitsversorgung, Besch\u00e4ftigung und Wohnraum sowie den Dimensionen Gleichstellung, Inklusion und Partizipation sowie Bek\u00e4mpfung von Antiziganismus, insbesondere strukturellem\/institutionellen Antiziganismus, auch gegen zugewanderte Roma und Sinti. 412 Bericht der Unabh\u00e4ngigen Kommission Antiziganismus<\/p>\n\n\n\n<p>\u2022 der Bundesregierung die Implementierung einer unabh\u00e4ngigen deutschen Nationalen Kontaktstelle f\u00fcr Roma und Sinti(NRCP) bei der_dem Beauftragten gegen Antiziganismus (\u2192 zentrale Forderungen). Der Kontaktstelle sind die entsprechenden Kompetenzen zu \u00fcbertragen. Sie hat gezielte Ma\u00dfnahmen in der Umsetzung des EU-Rahmens zu konzipieren, abzustimmen, gegebenenfalls umzusetzen und zu \u00fcberpr\u00fcfen.<\/p>\n\n\n\n<p>\u2022 der Bundesregierung, der Umsetzung des EU-Rahmens f\u00fcr den Zeitraum bis 2030 auf nationaler sowie europ\u00e4ischer Ebene eine hohe Priorit\u00e4t beizumessen und auch im Austausch mit anderen EU-Staaten und den (potenziellen) Beitrittskandidaten auf die Realisierung hinzuwirken.<\/p>\n\n\n\n<p>\u2022 der Bundesregierung die Initiierung und F\u00f6rderung von Ma\u00dfnahmen, welche gezielt alle Betroffenen von Antiziganismus\/Rassismus gegen Roma und Sinti adressieren und dabei nicht ausschlie\u00dfend wirken.<\/p>\n\n\n\n<p>\u2022 der Bundesregierung die Schaffung gezielter, unabh\u00e4ngiger Monitoring Instrumente zur \u00dcberpr\u00fcfung der Umsetzung des EU-Rahmens bis 2030.<\/p>\n\n\n\n<p>\u2022 der Bundesregierung, darauf hinzuwirken, dass die gleichberechtigte Teilhabe von Roma und Sinti sowie die Bek\u00e4mpfung von Antiziganismus in der Partnerschaftsvereinbarung mit der Europ\u00e4ischen Kommission f\u00fcr die Umsetzung des EU-Fonds 2021-2027 als zentrale Punkte und Querschnittsziele definiert werden.<\/p>\n\n\n\n<p>\u2022 dass Bund und L\u00e4nder die Partizipation und Inklusion von Roma und Sintiin ihre Programme aufnehmen sowie zivilgesellschaftliche Organisationen der Roma und Sintiin den entsprechenden Beir\u00e4ten beteiligen und f\u00f6rdern.<\/p>\n\n\n\n<p>Wir haben Genderungen durch die Volksbezeichnung \u201eRoma und Sinti\u201c ersetzt. Zur Begr\u00fcndung:<\/p>\n\n\n\n<ul>\n<li>Es wird auch nicht im Ursprungsbericht \u00fcberall gendergerecht formuliert.<\/li>\n\n\n\n<li>Der Bericht weist auf die kontroverse Diskussion zur Genderung hin.<\/li>\n\n\n\n<li>Wir m\u00f6chten als Volk wahrgenommen werden. Als Individuen kann uns jeder gerne in unserer Vielfalt kennenlernen.<\/li>\n\n\n\n<li>Wenn es wirklich konsequent um Genderung geht, m\u00fcsste man auch \u201eFranzosen und Franz\u00f6sinnen\u201c als \u201eFemme et Homme\u201c formulieren. Bitte verstehen Sie diese Absurdit\u00e4t.<\/li>\n\n\n\n<li>Wir bevorzugen generell die Verwendung einer geschlechtsneutralen Form in der Sprache des Romanes.<\/li>\n<\/ul>\n","protected":false},"excerpt":{"rendered":"<p>Aus dem Bericht der Unabh\u00e4ngigen Kommission Antiziganismus mit dem Titel &#8220; Perspektivwechsel. Nachholende Gerechtigkeit. Partizipation.&#8220; Beauftragt durch das Bundesministerium des Inneren, f\u00fcr Bau und Heimat. Die Unabh\u00e4ngige Kommission Antiziganismus empfiehlt \u2026 \u2022 der Bundesregierung die Vorlage einer nationalen Strategie in Form eines bundesweiten Rahmenplans zur Bek\u00e4mpfung von Antiziganismus und die gleichberechtigte Teilhabe aller Roma und [&hellip;]<\/p>\n","protected":false},"author":1,"featured_media":0,"parent":0,"menu_order":0,"comment_status":"closed","ping_status":"closed","template":"","meta":{"footnotes":""},"aioseo_notices":[],"_links":{"self":[{"href":"https:\/\/antiziganism.org\/index.php?rest_route=\/wp\/v2\/pages\/631"}],"collection":[{"href":"https:\/\/antiziganism.org\/index.php?rest_route=\/wp\/v2\/pages"}],"about":[{"href":"https:\/\/antiziganism.org\/index.php?rest_route=\/wp\/v2\/types\/page"}],"author":[{"embeddable":true,"href":"https:\/\/antiziganism.org\/index.php?rest_route=\/wp\/v2\/users\/1"}],"replies":[{"embeddable":true,"href":"https:\/\/antiziganism.org\/index.php?rest_route=%2Fwp%2Fv2%2Fcomments&post=631"}],"version-history":[{"count":2,"href":"https:\/\/antiziganism.org\/index.php?rest_route=\/wp\/v2\/pages\/631\/revisions"}],"predecessor-version":[{"id":746,"href":"https:\/\/antiziganism.org\/index.php?rest_route=\/wp\/v2\/pages\/631\/revisions\/746"}],"wp:attachment":[{"href":"https:\/\/antiziganism.org\/index.php?rest_route=%2Fwp%2Fv2%2Fmedia&parent=631"}],"curies":[{"name":"wp","href":"https:\/\/api.w.org\/{rel}","templated":true}]}}