{"id":657,"date":"2023-10-29T23:24:03","date_gmt":"2023-10-29T23:24:03","guid":{"rendered":"https:\/\/antiziganism.org\/?page_id=657"},"modified":"2023-10-30T23:20:57","modified_gmt":"2023-10-30T23:20:57","slug":"aktivitaeten-und-programme","status":"publish","type":"page","link":"https:\/\/antiziganism.org\/?page_id=657","title":{"rendered":"Handlungsempfehlungen: Aktivit\u00e4ten und Programme"},"content":{"rendered":"\n<p>Aus dem Bericht der<strong> Unabh\u00e4ngigen Kommission Antiziganismus<\/strong> mit dem Titel &#8220; Perspektivwechsel. Nachholende Gerechtigkeit. Partizipation.&#8220; Beauftragt durch das Bundesministerium des Inneren, f\u00fcr Bau und Heimat.<\/p>\n\n\n\n<p>Intensivierung und Nachhaltigkeit<\/p>\n\n\n\n<p>Die Unabh\u00e4ngige Kommission Antiziganismus empfiehlt \u2026<\/p>\n\n\n\n<p>\u2022 F\u00f6rderprogramme des Bundes\/der Bundesregierung sowie der L\u00e4nder\/ der Landesregierungen auszuweiten und mit der M\u00f6glichkeit einer dauerhaften F\u00f6rderung auszustatten. Dies gilt f\u00fcr Programme gegen Antiziganismus\/ Rassismus gegen Roma und Sinti ebenso wie f\u00fcr die F\u00f6rderung des Empowerment von Roma und Sinti. Eng&nbsp;gesteckte F\u00f6rderzeitr\u00e4ume sind zu vermeiden, da sonst die Sicherung der Erfolge nicht gew\u00e4hrleistet wird. Die \u00dcberf\u00fchrung erfolgreicher Projekte in eine Regelf\u00f6rderung ist zu sichern.<\/p>\n\n\n\n<p>\u2022 die dauerhafte Etablierung bundesmittelgef\u00f6rderter Projekte durch entsprechende Regelf\u00f6rderung. Projekte zu Antiziganismus\/Rassismus gegen Roma und Sinti, zu Empowerment und zur Geschichte der Roma und Sinti, deren Erfolg durch entsprechende Evaluation nachgewiesen ist, sind in eine Regelf\u00f6rderung zu \u00fcberf\u00fchren, um die Planungssicherheit der Projekttr\u00e4ger zu gew\u00e4hrleisten sowie deren Kompetenzen und Ressourcen langfristig nutzen zu k\u00f6nnen.<\/p>\n\n\n\n<p>\u2022 die Entwicklung und Umsetzung gezielter Strategien gegen Antiziganismus\/Rassismus gegen Roma und Sinti auf Ebene der L\u00e4nder. Antiziganismus ist in den l\u00e4ndergef\u00f6rderten Programmen als eigenst\u00e4ndige Form des Rassismus zu ber\u00fccksichtigen.<\/p>\n\n\n\n<p>\u2022 die Sichtbarmachung und \u00dcberwindung des Alltagsrassismus in den Institutionen. Bei der Einrichtung von Programmen auf Bundes- und L\u00e4nderebene zur Bek\u00e4mpfung von Antiziganismus sind allt\u00e4glich wirkende antiziganistische \u00dcberzeugungen auf allen institutionellen Ebenen zum Thema zu machen. Antiziganismus ist als eigenst\u00e4ndiges Ph\u00e4nomen und als Ausdruck einer spezifischen Form von institutionellem Rassismus erkennbar zu machen, um diesem wirksam zu begegnen.<\/p>\n\n\n\n<p>\u2022 die l\u00e4nder\u00fcbergreifende Dokumentation bestehender Projekte. Beispielsweise in Form einer Projektplattform, die auch ausgelaufene Projekte einschlie\u00dfen sollte, sind Projekte zu Antiziganismus\/Rassismus gegen Roma und Sinti, zu Empowerment und zur Geschichte der Roma und Sinti \u00fcber die Programmkontexte des Bundes und der jeweiligen L\u00e4nder hinaus zug\u00e4nglich zu machen. Dies erm\u00f6glicht Transparenz, Vernetzung, Erfahrungsaustausch und Synergienutzung. 438 Bericht der Unabh\u00e4ngigen Kommission Antiziganismus<\/p>\n\n\n\n<p>Einbeziehung von Organisationen der Roma und Sinti in die F\u00f6rderprogramme des Bundes und der L\u00e4nder<\/p>\n\n\n\n<p><\/p>\n\n\n\n<hr class=\"wp-block-separator has-alpha-channel-opacity\"\/>\n\n\n\n<p><\/p>\n","protected":false},"excerpt":{"rendered":"<p>Aus dem Bericht der Unabh\u00e4ngigen Kommission Antiziganismus mit dem Titel &#8220; Perspektivwechsel. Nachholende Gerechtigkeit. Partizipation.&#8220; Beauftragt durch das Bundesministerium des Inneren, f\u00fcr Bau und Heimat. Intensivierung und Nachhaltigkeit Die Unabh\u00e4ngige Kommission Antiziganismus empfiehlt \u2026 \u2022 F\u00f6rderprogramme des Bundes\/der Bundesregierung sowie der L\u00e4nder\/ der Landesregierungen auszuweiten und mit der M\u00f6glichkeit einer dauerhaften F\u00f6rderung auszustatten. Dies gilt [&hellip;]<\/p>\n","protected":false},"author":1,"featured_media":0,"parent":0,"menu_order":0,"comment_status":"closed","ping_status":"closed","template":"","meta":{"footnotes":""},"aioseo_notices":[],"_links":{"self":[{"href":"https:\/\/antiziganism.org\/index.php?rest_route=\/wp\/v2\/pages\/657"}],"collection":[{"href":"https:\/\/antiziganism.org\/index.php?rest_route=\/wp\/v2\/pages"}],"about":[{"href":"https:\/\/antiziganism.org\/index.php?rest_route=\/wp\/v2\/types\/page"}],"author":[{"embeddable":true,"href":"https:\/\/antiziganism.org\/index.php?rest_route=\/wp\/v2\/users\/1"}],"replies":[{"embeddable":true,"href":"https:\/\/antiziganism.org\/index.php?rest_route=%2Fwp%2Fv2%2Fcomments&post=657"}],"version-history":[{"count":3,"href":"https:\/\/antiziganism.org\/index.php?rest_route=\/wp\/v2\/pages\/657\/revisions"}],"predecessor-version":[{"id":820,"href":"https:\/\/antiziganism.org\/index.php?rest_route=\/wp\/v2\/pages\/657\/revisions\/820"}],"wp:attachment":[{"href":"https:\/\/antiziganism.org\/index.php?rest_route=%2Fwp%2Fv2%2Fmedia&parent=657"}],"curies":[{"name":"wp","href":"https:\/\/api.w.org\/{rel}","templated":true}]}}