{"id":658,"date":"2023-10-29T23:24:03","date_gmt":"2023-10-29T23:24:03","guid":{"rendered":"https:\/\/antiziganism.org\/?page_id=658"},"modified":"2023-10-30T15:36:33","modified_gmt":"2023-10-30T15:36:33","slug":"antiziganistische-einstellungen","status":"publish","type":"page","link":"https:\/\/antiziganism.org\/?page_id=658","title":{"rendered":"Handlungsempfehlungen: Antiziganistische Einstellungen"},"content":{"rendered":"\n<p>Aus dem Bericht der<strong> Unabh\u00e4ngigen Kommission Antiziganismus<\/strong> mit dem Titel &#8220; Perspektivwechsel. Nachholende Gerechtigkeit. Partizipation.&#8220; Beauftragt durch das Bundesministerium des Inneren, f\u00fcr Bau und Heimat.<\/p>\n\n\n\n<p>Die Unabh\u00e4ngige Kommission Antiziganismus empfiehlt \u2026<\/p>\n\n\n\n<p>\u2022 ein vom Bund finanziertes, regelm\u00e4\u00dfiges, bundesweites und l\u00e4nderspezifisches Monitoring der Diskriminierungsrealit\u00e4t von Roma und Sinti. Dieses soll die quantitative und qualitative Dokumentation von Rassismus- und Diskriminierungserfahrungen von Roma und Sinti, die Erfassung antiziganistischer Vorf\u00e4lle und Straftaten, die intersektionale Erhebung von Antidiskriminierungs und Gleichstellungsdaten in allen gesellschaftlich relevanten Bereichen sowie eigenst\u00e4ndige, regelm\u00e4\u00dfige (zweij\u00e4hrliche), bundesweite und l\u00e4nderspezifische Wiederholungssurveys zu antiziganistischen Einstellungen in der Bev\u00f6lkerung umfassen.<\/p>\n\n\n\n<p>\u2022 die Perspektiven von Roma und Sinti in der Forschung dauerhaft zu st\u00e4rken. Um die bislang einseitige und begrenzte Datenlage zur Diskriminierungsrealit\u00e4t von Roma und Sinti zu \u00fcberwinden, ist es unverzichtbar, die Partizipation von Roma und Sinti in der Forschung strukturell zu st\u00e4rken sowie die communitybasierte Forschung zu Rassismus und Diskriminierungserfahrungen von Roma und Sinti in den Mittelpunkt zu stellen. Dar\u00fcber hinaus ist auch die F\u00f6rderung von Forschung zu Antidiskriminierungs- und Gleichstellungsdaten in relevanten gesellschaftlichen Bereichen zu empfehlen, sofern und nur sofern sie die hohen datenschutzrechtlichen und ethischen Standards, die an jede, aber insbesondere diese Art von Forschung \u2013 Forschungsbefunde und -perspektiven 351 zu stellen sind, erf\u00fcllt.1443 Empfehlenswert w\u00e4re unter dieser Voraussetzung ein Diskriminierungssurvey, \u201ein dem Angeh\u00f6rige der Communities [der Roma und Sinti] anonym und differenziert zu ihren unterschiedlichen Lebenssituationen, Bildung, Arbeit und Gesundheit befragt werden und dazu, inwiefern sie Antiziganismus oder andere Formen der Benachteiligung und des&nbsp;Ausschlusses erleben.\u201c1444<\/p>\n\n\n\n<p>\u2022 auf rassistische Personenkategorisierungen in jeder Form und insbesondere auf die Instrumentalisierung von Stereotypen in den Surveyitems zu verzichten. Die quantitative Surveyforschung sollte in eine partizipative und Rassismus kritische Forschungspraxis integriert werden, ankn\u00fcpfend an die langj\u00e4hrigen Erfahrungen in Gro\u00dfbritannien und den USA sollten Befragtenbeir\u00e4te an den surveybetreuenden Instituten eingerichtet werden.<\/p>\n\n\n\n<p><\/p>\n\n\n\n<p>Wir haben Genderungen durch die Volksbezeichnung \u201eRoma und Sinti\u201c ersetzt. Zur Begr\u00fcndung:<\/p>\n\n\n\n<ul>\n<li>Es wird auch nicht im Ursprungsbericht \u00fcberall gendergerecht formuliert.<\/li>\n\n\n\n<li>Der Bericht weist auf die kontroverse Diskussion zur Genderung hin.<\/li>\n\n\n\n<li>Wir m\u00f6chten als Volk wahrgenommen werden. Als Individuen kann uns jeder gerne in unserer Vielfalt kennenlernen.<\/li>\n\n\n\n<li>Wenn es wirklich konsequent um Genderung geht, m\u00fcsste man auch \u201eFranzosen und Franz\u00f6sinnen\u201c als \u201eFemme et Homme\u201c formulieren. Bitte verstehen Sie diese Absurdit\u00e4t.<\/li>\n\n\n\n<li>Wir bevorzugen generell die Verwendung einer geschlechtsneutralen Form in der Sprache des Romanes.<\/li>\n<\/ul>\n\n\n\n<p><\/p>\n","protected":false},"excerpt":{"rendered":"<p>Aus dem Bericht der Unabh\u00e4ngigen Kommission Antiziganismus mit dem Titel &#8220; Perspektivwechsel. Nachholende Gerechtigkeit. Partizipation.&#8220; Beauftragt durch das Bundesministerium des Inneren, f\u00fcr Bau und Heimat. Die Unabh\u00e4ngige Kommission Antiziganismus empfiehlt \u2026 \u2022 ein vom Bund finanziertes, regelm\u00e4\u00dfiges, bundesweites und l\u00e4nderspezifisches Monitoring der Diskriminierungsrealit\u00e4t von Roma und Sinti. Dieses soll die quantitative und qualitative Dokumentation von [&hellip;]<\/p>\n","protected":false},"author":1,"featured_media":0,"parent":0,"menu_order":0,"comment_status":"closed","ping_status":"closed","template":"","meta":{"footnotes":""},"aioseo_notices":[],"_links":{"self":[{"href":"https:\/\/antiziganism.org\/index.php?rest_route=\/wp\/v2\/pages\/658"}],"collection":[{"href":"https:\/\/antiziganism.org\/index.php?rest_route=\/wp\/v2\/pages"}],"about":[{"href":"https:\/\/antiziganism.org\/index.php?rest_route=\/wp\/v2\/types\/page"}],"author":[{"embeddable":true,"href":"https:\/\/antiziganism.org\/index.php?rest_route=\/wp\/v2\/users\/1"}],"replies":[{"embeddable":true,"href":"https:\/\/antiziganism.org\/index.php?rest_route=%2Fwp%2Fv2%2Fcomments&post=658"}],"version-history":[{"count":2,"href":"https:\/\/antiziganism.org\/index.php?rest_route=\/wp\/v2\/pages\/658\/revisions"}],"predecessor-version":[{"id":729,"href":"https:\/\/antiziganism.org\/index.php?rest_route=\/wp\/v2\/pages\/658\/revisions\/729"}],"wp:attachment":[{"href":"https:\/\/antiziganism.org\/index.php?rest_route=%2Fwp%2Fv2%2Fmedia&parent=658"}],"curies":[{"name":"wp","href":"https:\/\/api.w.org\/{rel}","templated":true}]}}