{"id":668,"date":"2023-10-29T23:28:07","date_gmt":"2023-10-29T23:28:07","guid":{"rendered":"https:\/\/antiziganism.org\/?page_id=668"},"modified":"2023-10-29T23:40:11","modified_gmt":"2023-10-29T23:40:11","slug":"anmerkungen-zu-aenderungen-in-den-folgenden-texten","status":"publish","type":"page","link":"https:\/\/antiziganism.org\/?page_id=668","title":{"rendered":"Anmerkungen zu \u00c4nderungen in den folgenden Texten"},"content":{"rendered":"\n<p>Wir haben Genderungen durch die Volksbezeichnung &#8222;Roma und Sinti&#8220; ersetzt. Zur Begr\u00fcndung:<\/p>\n\n\n\n<ul>\n<li>Es wird auch nicht im Ursprungsbericht \u00fcberall gendergerecht formuliert.<\/li>\n\n\n\n<li>Der Bericht weist auf die kontroverse Diskussion zur Genderung hin.<\/li>\n\n\n\n<li>Wir m\u00f6chten als Volk wahrgenommen werden. Als Individuen kann uns jeder gerne in unserer Vielfalt kennenlernen.<\/li>\n\n\n\n<li>Wenn es wirklich konsequent um Genderung geht, m\u00fcsste man auch &#8222;Franzosen und Franz\u00f6sinnen&#8220; als &#8222;Femme et Homme&#8220; formulieren. Bitte verstehen Sie diese Absurdit\u00e4t.<\/li>\n\n\n\n<li>Wir bevorzugen generell die Verwendung einer geschlechtsneutralen Form in der Sprache des Romanes.<\/li>\n<\/ul>\n\n\n\n<p><\/p>\n","protected":false},"excerpt":{"rendered":"<p>Wir haben Genderungen durch die Volksbezeichnung &#8222;Roma und Sinti&#8220; ersetzt. Zur Begr\u00fcndung:<\/p>\n","protected":false},"author":1,"featured_media":0,"parent":0,"menu_order":0,"comment_status":"closed","ping_status":"closed","template":"","meta":{"footnotes":""},"aioseo_notices":[],"_links":{"self":[{"href":"https:\/\/antiziganism.org\/index.php?rest_route=\/wp\/v2\/pages\/668"}],"collection":[{"href":"https:\/\/antiziganism.org\/index.php?rest_route=\/wp\/v2\/pages"}],"about":[{"href":"https:\/\/antiziganism.org\/index.php?rest_route=\/wp\/v2\/types\/page"}],"author":[{"embeddable":true,"href":"https:\/\/antiziganism.org\/index.php?rest_route=\/wp\/v2\/users\/1"}],"replies":[{"embeddable":true,"href":"https:\/\/antiziganism.org\/index.php?rest_route=%2Fwp%2Fv2%2Fcomments&post=668"}],"version-history":[{"count":3,"href":"https:\/\/antiziganism.org\/index.php?rest_route=\/wp\/v2\/pages\/668\/revisions"}],"predecessor-version":[{"id":679,"href":"https:\/\/antiziganism.org\/index.php?rest_route=\/wp\/v2\/pages\/668\/revisions\/679"}],"wp:attachment":[{"href":"https:\/\/antiziganism.org\/index.php?rest_route=%2Fwp%2Fv2%2Fmedia&parent=668"}],"curies":[{"name":"wp","href":"https:\/\/api.w.org\/{rel}","templated":true}]}}